{"id":242,"date":"2023-04-26T14:46:31","date_gmt":"2023-04-26T13:46:31","guid":{"rendered":"https:\/\/waitxsee.com\/?page_id=242"},"modified":"2023-09-08T14:01:34","modified_gmt":"2023-09-08T13:01:34","slug":"managing","status":"publish","type":"page","link":"https:\/\/waitxsee.com\/en\/managing\/","title":{"rendered":"MANAGING"},"content":{"rendered":"<h3>\u00ab <strong>WAIT x SEE<\/strong> IS AN INFLUENCE LABEL &amp; SOCIAL MEDIA COMPANY. \u00bb<\/h3>\n\t\t\t\t<img decoding=\"async\" loading=\"lazy\" src=\"https:\/\/waitxsee.com\/wp-content\/uploads\/2023\/04\/video_managing.gif\" alt=\"video_managing\" itemprop=\"image\" height=\"268\" width=\"480\" title=\"video_managing\" onerror=\"this.style.display='none'\"  \/>\n\t<p>We ensure by adopting a global approach, that all creative elements, communication between our clients and our teams, budgets, timelines and products are handled with professionalism and efficiency.<\/p>\n<p>Talents indoor, cr\u00e9ateurs de contenus outdoor, nous collaborons quotidiennement avec des profils influents venant du monde entier pour la garantie d&rsquo;une op\u00e9ation unique et contr\u00f4l\u00e9e.<\/p>\n<p>Les r\u00e9seaux sociaux sont aujourd&rsquo;hui, les premiers lieux de rencontre entre consommateurs et marques, les cr\u00e9ateurs de contenu en sont devenus les embl\u00e8mes, vitrines, et v\u00e9ritables garants, \u00e0 la fois acheteurs et vendeurs.<\/p>\n\t\t\t\t\t\t\t\t\t<img decoding=\"async\" loading=\"lazy\" src=\"https:\/\/waitxsee.com\/wp-content\/uploads\/2023\/06\/Underline.png\" alt=\"Entrer en contact\" itemprop=\"image\" height=\"82\" width=\"384\" srcset=\"https:\/\/waitxsee.com\/wp-content\/uploads\/2023\/06\/Underline.png 384w, https:\/\/waitxsee.com\/wp-content\/uploads\/2023\/06\/Underline-300x64.png 300w, https:\/\/waitxsee.com\/wp-content\/uploads\/2023\/06\/Underline-18x4.png 18w\" sizes=\"(max-width: 384px) 100vw, 384px\" title=\"Underline\" onerror=\"this.style.display='none'\"  \/>\n\t\t\t\t\t\t\t\t\t\t\tGet in touch\n<form action=\"\">\n\t<input type=\"hidden\" name=\"fl-layout-id\" value=\"242\" \/>\n\t\t\t\tContact us with this form!\n<br \/> Pour toutes questions, collaborations, projets&#8230;\n\n    \t\t<label for=\"pp-name-\">Your name \/ BRAND<\/label>\n    \t\tVeuillez saisir votre nom.\n    \t\t<input type=\"text\" name=\"pp-name\" id=\"pp-name-\" value=\"\"  \/>\n    \t\t<label for=\"pp-email-\">Your e-mail<\/label>\n    \t\tVeuillez saisir une adresse email valide.\n    \t\t<input type=\"email\" name=\"pp-email\" id=\"pp-email-\" value=\"\"  \/>\n    \t\t<label for=\"pp-message-\">Write a few words about your business<\/label>\n    \t\tPlease type your message.\n    \t\t<textarea name=\"pp-message\" id=\"pp-message-\"><\/textarea>\n    \t<a href=\"#\" target=\"_self\" role=\"button\" rel=\"noopener\">\n    \t\t    \t\t    \t\tSend\n    \t\t    \t\t    \t<\/a>\n\t\t\tMessage envoy\u00e9\u00a0!\n\t\t\tMessage \u00e9chou\u00e9. Veuillez essayer de nouveau.\n<input type=\"hidden\" name=\"trp-form-language\" value=\"en\"\/><\/form>\n\t<h5>2017 Copyright \u00ae<\/h5>\n\t<h5>contact@waitxsee.com<\/h5>","protected":false},"excerpt":{"rendered":"<p>\u00ab WAIT x SEE IS AN INFLUENCE LABEL &amp; SOCIAL MEDIA COMPANY. \u00bb Nous nous assurons en adoptant une approche globale, que tous les \u00e9l\u00e9ments cr\u00e9atifs, la communication entre nos clients et nos \u00e9quipes, les budgets, les \u00e9ch\u00e9anciers et les produits soient trait\u00e9s avec professionnalisme et efficacit\u00e9. Talents indoor, cr\u00e9ateurs de contenus outdoor, nous collaborons &hellip;<\/p>\n<p class=\"read-more\"> <a class=\"\" href=\"https:\/\/waitxsee.com\/en\/managing\/\"> <span class=\"screen-reader-text\">MANAGING<\/span> Read More &raquo;<\/a><\/p>","protected":false},"author":2,"featured_media":0,"parent":0,"menu_order":0,"comment_status":"closed","ping_status":"closed","template":"","meta":{"site-sidebar-layout":"default","site-content-layout":"default","ast-global-header-display":"","ast-main-header-display":"","ast-hfb-above-header-display":"","ast-hfb-below-header-display":"","ast-hfb-mobile-header-display":"","site-post-title":"disabled","ast-breadcrumbs-content":"","ast-featured-img":"","footer-sml-layout":"","theme-transparent-header-meta":"","adv-header-id-meta":"","stick-header-meta":"","header-above-stick-meta":"","header-main-stick-meta":"","header-below-stick-meta":"","footnotes":""},"yoast_head":"<!-- This site is optimized with the Yoast SEO plugin v21.1 - https:\/\/yoast.com\/wordpress\/plugins\/seo\/ -->\n<title>MANAGING - Wait x See<\/title>\n<meta name=\"robots\" content=\"index, follow, max-snippet:-1, max-image-preview:large, max-video-preview:-1\" \/>\n<link rel=\"canonical\" href=\"https:\/\/waitxsee.com\/en\/managing\/\" \/>\n<meta property=\"og:locale\" content=\"en_GB\" \/>\n<meta property=\"og:type\" content=\"article\" \/>\n<meta property=\"og:title\" content=\"MANAGING - Wait x See\" \/>\n<meta property=\"og:description\" content=\"\u00ab WAIT x SEE IS AN INFLUENCE LABEL &amp; SOCIAL MEDIA COMPANY. \u00bb Nous nous assurons en adoptant une approche globale, que tous les \u00e9l\u00e9ments cr\u00e9atifs, la communication entre nos clients et nos \u00e9quipes, les budgets, les \u00e9ch\u00e9anciers et les produits soient trait\u00e9s avec professionnalisme et efficacit\u00e9. Talents indoor, cr\u00e9ateurs de contenus outdoor, nous collaborons &hellip; MANAGING Read More &raquo;\" \/>\n<meta property=\"og:url\" content=\"https:\/\/waitxsee.com\/en\/managing\/\" \/>\n<meta property=\"og:site_name\" content=\"Wait x See\" \/>\n<meta property=\"article:modified_time\" content=\"2023-09-08T13:01:34+00:00\" \/>\n<meta property=\"og:image\" content=\"https:\/\/waitxsee.com\/wp-content\/uploads\/2023\/04\/video_managing.gif\" \/>\n<meta name=\"twitter:label1\" content=\"Estimated reading time\" \/>\n\t<meta name=\"twitter:data1\" content=\"2 minutes\" \/>\n<script type=\"application\/ld+json\" class=\"yoast-schema-graph\">{\"@context\":\"https:\/\/schema.org\",\"@graph\":[{\"@type\":\"WebPage\",\"@id\":\"https:\/\/waitxsee.com\/managing\/\",\"url\":\"https:\/\/waitxsee.com\/managing\/\",\"name\":\"MANAGING - Wait x See\",\"isPartOf\":{\"@id\":\"https:\/\/waitxsee.com\/#website\"},\"datePublished\":\"2023-04-26T13:46:31+00:00\",\"dateModified\":\"2023-09-08T13:01:34+00:00\",\"inLanguage\":\"en-GB\",\"potentialAction\":[{\"@type\":\"ReadAction\",\"target\":[\"https:\/\/waitxsee.com\/managing\/\"]}]},{\"@type\":\"WebSite\",\"@id\":\"https:\/\/waitxsee.com\/#website\",\"url\":\"https:\/\/waitxsee.com\/\",\"name\":\"Wait x See\",\"description\":\"\",\"publisher\":{\"@id\":\"https:\/\/waitxsee.com\/#organization\"},\"potentialAction\":[{\"@type\":\"SearchAction\",\"target\":{\"@type\":\"EntryPoint\",\"urlTemplate\":\"https:\/\/waitxsee.com\/?s={search_term_string}\"},\"query-input\":\"required name=search_term_string\"}],\"inLanguage\":\"en-GB\"},{\"@type\":\"Organization\",\"@id\":\"https:\/\/waitxsee.com\/#organization\",\"name\":\"Wait x See\",\"url\":\"https:\/\/waitxsee.com\/\",\"logo\":{\"@type\":\"ImageObject\",\"inLanguage\":\"en-GB\",\"@id\":\"https:\/\/waitxsee.com\/#\/schema\/logo\/image\/\",\"url\":\"https:\/\/waitxsee.com\/wp-content\/uploads\/2023\/04\/cropped-WaitXSeeLogo.png\",\"contentUrl\":\"https:\/\/waitxsee.com\/wp-content\/uploads\/2023\/04\/cropped-WaitXSeeLogo.png\",\"width\":771,\"height\":383,\"caption\":\"Wait x See\"},\"image\":{\"@id\":\"https:\/\/waitxsee.com\/#\/schema\/logo\/image\/\"}}]}<\/script>\n<!-- \/ Yoast SEO plugin. -->","yoast_head_json":{"title":"MANAGING - Wait x See","robots":{"index":"index","follow":"follow","max-snippet":"max-snippet:-1","max-image-preview":"max-image-preview:large","max-video-preview":"max-video-preview:-1"},"canonical":"https:\/\/waitxsee.com\/en\/managing\/","og_locale":"en_GB","og_type":"article","og_title":"MANAGING - Wait x See","og_description":"\u00ab WAIT x SEE IS AN INFLUENCE LABEL &amp; SOCIAL MEDIA COMPANY. \u00bb Nous nous assurons en adoptant une approche globale, que tous les \u00e9l\u00e9ments cr\u00e9atifs, la communication entre nos clients et nos \u00e9quipes, les budgets, les \u00e9ch\u00e9anciers et les produits soient trait\u00e9s avec professionnalisme et efficacit\u00e9. Talents indoor, cr\u00e9ateurs de contenus outdoor, nous collaborons &hellip; MANAGING Read More &raquo;","og_url":"https:\/\/waitxsee.com\/en\/managing\/","og_site_name":"Wait x See","article_modified_time":"2023-09-08T13:01:34+00:00","og_image":[{"url":"https:\/\/waitxsee.com\/wp-content\/uploads\/2023\/04\/video_managing.gif"}],"twitter_misc":{"Estimated reading time":"2 minutes"},"schema":{"@context":"https:\/\/schema.org","@graph":[{"@type":"WebPage","@id":"https:\/\/waitxsee.com\/managing\/","url":"https:\/\/waitxsee.com\/managing\/","name":"MANAGING - Wait x See","isPartOf":{"@id":"https:\/\/waitxsee.com\/#website"},"datePublished":"2023-04-26T13:46:31+00:00","dateModified":"2023-09-08T13:01:34+00:00","inLanguage":"en-GB","potentialAction":[{"@type":"ReadAction","target":["https:\/\/waitxsee.com\/managing\/"]}]},{"@type":"WebSite","@id":"https:\/\/waitxsee.com\/#website","url":"https:\/\/waitxsee.com\/","name":"Wait x See","description":"","publisher":{"@id":"https:\/\/waitxsee.com\/#organization"},"potentialAction":[{"@type":"SearchAction","target":{"@type":"EntryPoint","urlTemplate":"https:\/\/waitxsee.com\/?s={search_term_string}"},"query-input":"required name=search_term_string"}],"inLanguage":"en-GB"},{"@type":"Organization","@id":"https:\/\/waitxsee.com\/#organization","name":"Wait x See","url":"https:\/\/waitxsee.com\/","logo":{"@type":"ImageObject","inLanguage":"en-GB","@id":"https:\/\/waitxsee.com\/#\/schema\/logo\/image\/","url":"https:\/\/waitxsee.com\/wp-content\/uploads\/2023\/04\/cropped-WaitXSeeLogo.png","contentUrl":"https:\/\/waitxsee.com\/wp-content\/uploads\/2023\/04\/cropped-WaitXSeeLogo.png","width":771,"height":383,"caption":"Wait x See"},"image":{"@id":"https:\/\/waitxsee.com\/#\/schema\/logo\/image\/"}}]}},"_links":{"self":[{"href":"https:\/\/waitxsee.com\/en\/wp-json\/wp\/v2\/pages\/242"}],"collection":[{"href":"https:\/\/waitxsee.com\/en\/wp-json\/wp\/v2\/pages"}],"about":[{"href":"https:\/\/waitxsee.com\/en\/wp-json\/wp\/v2\/types\/page"}],"author":[{"embeddable":true,"href":"https:\/\/waitxsee.com\/en\/wp-json\/wp\/v2\/users\/2"}],"replies":[{"embeddable":true,"href":"https:\/\/waitxsee.com\/en\/wp-json\/wp\/v2\/comments?post=242"}],"version-history":[{"count":70,"href":"https:\/\/waitxsee.com\/en\/wp-json\/wp\/v2\/pages\/242\/revisions"}],"predecessor-version":[{"id":873,"href":"https:\/\/waitxsee.com\/en\/wp-json\/wp\/v2\/pages\/242\/revisions\/873"}],"wp:attachment":[{"href":"https:\/\/waitxsee.com\/en\/wp-json\/wp\/v2\/media?parent=242"}],"curies":[{"name":"wp","href":"https:\/\/api.w.org\/{rel}","templated":true}]}}