{"id":271,"date":"2023-05-16T11:14:52","date_gmt":"2023-05-16T10:14:52","guid":{"rendered":"https:\/\/waitxsee.com\/?page_id=271"},"modified":"2023-09-01T16:44:56","modified_gmt":"2023-09-01T15:44:56","slug":"marketing","status":"publish","type":"page","link":"https:\/\/waitxsee.com\/en\/marketing\/","title":{"rendered":"MARKETING"},"content":{"rendered":"<h5><strong>WAIT<\/strong><\/h5>\n<p>We provide follow-up for all communication solutions to guarantee a quality campaign.<\/p>\n\t<h5><strong>X<br \/>\n\u00a0 \u00a0<\/strong><\/h5>\n<p>We identify and select exclusive and connected content creators by strategically targeting key demographics to build awareness around your brand and drive engagement.<\/p>\n\t<h5><strong>SEE<\/strong><\/h5>\n<p>We supervise the content of our talents by supervising them on their artistic direction.<\/p>\n\t<p>Notre \u00e9quipe d\u00e9di\u00e9e couvre ainsi toutes les diff\u00e9rentes \u00e9tapes de l&rsquo;op\u00e9ration : de la recherche de profil, \u00e0 la mise en place de la collaboration, en passant par la gestion contractuelle et la production des supports, tout cela en pla\u00e7ant votre image de marque et vos valeurs fondamentales au coeur du projet.<\/p>\n\t<p>La mon\u00e9tisation n&rsquo;est plus d\u00e9velopp\u00e9e par le biais de la notori\u00e9t\u00e9 du produit, mais par une histoire percutante, une culture de march\u00e9 pertinente et un syst\u00e8me de valeurs qui cr\u00e9e une attention progressive autour de votre marque.<\/p>\n\t<p>We are committed to creating dynamic content for your websites, media and social platforms, through tailor-made advertising campaigns:<\/p>\n\t\t\t\t<img decoding=\"async\" loading=\"lazy\" src=\"https:\/\/waitxsee.com\/wp-content\/uploads\/2023\/05\/instagramlogo.gif\" alt=\"instagramlogo\" itemprop=\"image\" height=\"298\" width=\"527\" title=\"instagramlogo\" onerror=\"this.style.display='none'\"  \/>\n\t\t\t\t<img decoding=\"async\" loading=\"lazy\" src=\"https:\/\/waitxsee.com\/wp-content\/uploads\/2023\/05\/youtubeanim.gif\" alt=\"youtubeanim\" itemprop=\"image\" height=\"600\" width=\"800\" title=\"youtubeanim\" onerror=\"this.style.display='none'\"  \/>\n\t\t\t\t<img decoding=\"async\" loading=\"lazy\" src=\"https:\/\/waitxsee.com\/wp-content\/uploads\/2023\/05\/gif_tiktok.gif\" alt=\"gif_tiktok\" itemprop=\"image\" height=\"472\" width=\"840\" title=\"gif_tiktok\" onerror=\"this.style.display='none'\"  \/>\n\n\t\t\t\t\t\t\t\t\t<img decoding=\"async\" loading=\"lazy\" src=\"https:\/\/waitxsee.com\/wp-content\/uploads\/2023\/06\/Underline.png\" alt=\"Entrer en contact\" itemprop=\"image\" height=\"82\" width=\"384\" srcset=\"https:\/\/waitxsee.com\/wp-content\/uploads\/2023\/06\/Underline.png 384w, https:\/\/waitxsee.com\/wp-content\/uploads\/2023\/06\/Underline-300x64.png 300w, https:\/\/waitxsee.com\/wp-content\/uploads\/2023\/06\/Underline-18x4.png 18w\" sizes=\"(max-width: 384px) 100vw, 384px\" title=\"Underline\" onerror=\"this.style.display='none'\"  \/>\n\t\t\t\t\t\t\t\t\t\t\tGet in touch\n<form action=\"\">\n\t<input type=\"hidden\" name=\"fl-layout-id\" value=\"271\" \/>\n\t\t\t\tContact us with this form!\n<br \/> Pour toutes questions, collaborations, projets&#8230;\n\n    \t\t<label for=\"pp-name-\">Your name \/ BRAND<\/label>\n    \t\tVeuillez saisir votre nom.\n    \t\t<input type=\"text\" name=\"pp-name\" id=\"pp-name-\" value=\"\"  \/>\n    \t\t<label for=\"pp-email-\">Your e-mail<\/label>\n    \t\tVeuillez saisir une adresse email valide.\n    \t\t<input type=\"email\" name=\"pp-email\" id=\"pp-email-\" value=\"\"  \/>\n    \t\t<label for=\"pp-message-\">Write a few words about your business<\/label>\n    \t\tPlease type your message.\n    \t\t<textarea name=\"pp-message\" id=\"pp-message-\"><\/textarea>\n    \t<a href=\"#\" target=\"_self\" role=\"button\" rel=\"noopener\">\n    \t\t    \t\t    \t\tSend\n    \t\t    \t\t    \t<\/a>\n\t\t\tMessage envoy\u00e9\u00a0!\n\t\t\tMessage \u00e9chou\u00e9. Veuillez essayer de nouveau.\n<input type=\"hidden\" name=\"trp-form-language\" value=\"en\"\/><\/form>\n\t<h5>2017 Copyright \u00ae<\/h5>\n\t<h5>contact@waitxsee.com<\/h5>","protected":false},"excerpt":{"rendered":"<p>WAIT Nous vous assurons un suivi pour toutes les solutions de communication afin de garantir une campagne de qualit\u00e9. X \u00a0 \u00a0 Nous identifions et s\u00e9lectionnons des cr\u00e9ateurs de contenus exclusifs et connect\u00e9s en ciblant strat\u00e9giquement les donn\u00e9es d\u00e9mographiques cl\u00e9s, afin de cr\u00e9er une notori\u00e9t\u00e9 autour de votre marque et de g\u00e9n\u00e9rer un engagement. SEE &hellip;<\/p>\n<p class=\"read-more\"> <a class=\"\" href=\"https:\/\/waitxsee.com\/en\/marketing\/\"> <span class=\"screen-reader-text\">MARKETING<\/span> Read More &raquo;<\/a><\/p>","protected":false},"author":2,"featured_media":0,"parent":0,"menu_order":0,"comment_status":"closed","ping_status":"closed","template":"","meta":{"site-sidebar-layout":"default","site-content-layout":"default","ast-global-header-display":"","ast-main-header-display":"","ast-hfb-above-header-display":"","ast-hfb-below-header-display":"","ast-hfb-mobile-header-display":"","site-post-title":"disabled","ast-breadcrumbs-content":"","ast-featured-img":"","footer-sml-layout":"","theme-transparent-header-meta":"","adv-header-id-meta":"","stick-header-meta":"","header-above-stick-meta":"","header-main-stick-meta":"","header-below-stick-meta":"","footnotes":""},"yoast_head":"<!-- This site is optimized with the Yoast SEO plugin v21.1 - https:\/\/yoast.com\/wordpress\/plugins\/seo\/ -->\n<title>MARKETING - Wait x See<\/title>\n<meta name=\"robots\" content=\"index, follow, max-snippet:-1, max-image-preview:large, max-video-preview:-1\" \/>\n<link rel=\"canonical\" href=\"https:\/\/waitxsee.com\/en\/marketing\/\" \/>\n<meta property=\"og:locale\" content=\"en_GB\" \/>\n<meta property=\"og:type\" content=\"article\" \/>\n<meta property=\"og:title\" content=\"MARKETING - Wait x See\" \/>\n<meta property=\"og:description\" content=\"WAIT Nous vous assurons un suivi pour toutes les solutions de communication afin de garantir une campagne de qualit\u00e9. X \u00a0 \u00a0 Nous identifions et s\u00e9lectionnons des cr\u00e9ateurs de contenus exclusifs et connect\u00e9s en ciblant strat\u00e9giquement les donn\u00e9es d\u00e9mographiques cl\u00e9s, afin de cr\u00e9er une notori\u00e9t\u00e9 autour de votre marque et de g\u00e9n\u00e9rer un engagement. SEE &hellip; MARKETING Read More &raquo;\" \/>\n<meta property=\"og:url\" content=\"https:\/\/waitxsee.com\/en\/marketing\/\" \/>\n<meta property=\"og:site_name\" content=\"Wait x See\" \/>\n<meta property=\"article:modified_time\" content=\"2023-09-01T15:44:56+00:00\" \/>\n<meta property=\"og:image\" content=\"https:\/\/waitxsee.com\/wp-content\/uploads\/2023\/05\/instagramlogo.gif\" \/>\n<meta name=\"twitter:label1\" content=\"Estimated reading time\" \/>\n\t<meta name=\"twitter:data1\" content=\"1 minute\" \/>\n<script type=\"application\/ld+json\" class=\"yoast-schema-graph\">{\"@context\":\"https:\/\/schema.org\",\"@graph\":[{\"@type\":\"WebPage\",\"@id\":\"https:\/\/waitxsee.com\/marketing\/\",\"url\":\"https:\/\/waitxsee.com\/marketing\/\",\"name\":\"MARKETING - Wait x See\",\"isPartOf\":{\"@id\":\"https:\/\/waitxsee.com\/#website\"},\"datePublished\":\"2023-05-16T10:14:52+00:00\",\"dateModified\":\"2023-09-01T15:44:56+00:00\",\"inLanguage\":\"en-GB\",\"potentialAction\":[{\"@type\":\"ReadAction\",\"target\":[\"https:\/\/waitxsee.com\/marketing\/\"]}]},{\"@type\":\"WebSite\",\"@id\":\"https:\/\/waitxsee.com\/#website\",\"url\":\"https:\/\/waitxsee.com\/\",\"name\":\"Wait x See\",\"description\":\"\",\"publisher\":{\"@id\":\"https:\/\/waitxsee.com\/#organization\"},\"potentialAction\":[{\"@type\":\"SearchAction\",\"target\":{\"@type\":\"EntryPoint\",\"urlTemplate\":\"https:\/\/waitxsee.com\/?s={search_term_string}\"},\"query-input\":\"required name=search_term_string\"}],\"inLanguage\":\"en-GB\"},{\"@type\":\"Organization\",\"@id\":\"https:\/\/waitxsee.com\/#organization\",\"name\":\"Wait x See\",\"url\":\"https:\/\/waitxsee.com\/\",\"logo\":{\"@type\":\"ImageObject\",\"inLanguage\":\"en-GB\",\"@id\":\"https:\/\/waitxsee.com\/#\/schema\/logo\/image\/\",\"url\":\"https:\/\/waitxsee.com\/wp-content\/uploads\/2023\/04\/cropped-WaitXSeeLogo.png\",\"contentUrl\":\"https:\/\/waitxsee.com\/wp-content\/uploads\/2023\/04\/cropped-WaitXSeeLogo.png\",\"width\":771,\"height\":383,\"caption\":\"Wait x See\"},\"image\":{\"@id\":\"https:\/\/waitxsee.com\/#\/schema\/logo\/image\/\"}}]}<\/script>\n<!-- \/ Yoast SEO plugin. -->","yoast_head_json":{"title":"MARKETING - Wait x See","robots":{"index":"index","follow":"follow","max-snippet":"max-snippet:-1","max-image-preview":"max-image-preview:large","max-video-preview":"max-video-preview:-1"},"canonical":"https:\/\/waitxsee.com\/en\/marketing\/","og_locale":"en_GB","og_type":"article","og_title":"MARKETING - Wait x See","og_description":"WAIT Nous vous assurons un suivi pour toutes les solutions de communication afin de garantir une campagne de qualit\u00e9. X \u00a0 \u00a0 Nous identifions et s\u00e9lectionnons des cr\u00e9ateurs de contenus exclusifs et connect\u00e9s en ciblant strat\u00e9giquement les donn\u00e9es d\u00e9mographiques cl\u00e9s, afin de cr\u00e9er une notori\u00e9t\u00e9 autour de votre marque et de g\u00e9n\u00e9rer un engagement. SEE &hellip; MARKETING Read More &raquo;","og_url":"https:\/\/waitxsee.com\/en\/marketing\/","og_site_name":"Wait x See","article_modified_time":"2023-09-01T15:44:56+00:00","og_image":[{"url":"https:\/\/waitxsee.com\/wp-content\/uploads\/2023\/05\/instagramlogo.gif"}],"twitter_misc":{"Estimated reading time":"1 minute"},"schema":{"@context":"https:\/\/schema.org","@graph":[{"@type":"WebPage","@id":"https:\/\/waitxsee.com\/marketing\/","url":"https:\/\/waitxsee.com\/marketing\/","name":"MARKETING - Wait x See","isPartOf":{"@id":"https:\/\/waitxsee.com\/#website"},"datePublished":"2023-05-16T10:14:52+00:00","dateModified":"2023-09-01T15:44:56+00:00","inLanguage":"en-GB","potentialAction":[{"@type":"ReadAction","target":["https:\/\/waitxsee.com\/marketing\/"]}]},{"@type":"WebSite","@id":"https:\/\/waitxsee.com\/#website","url":"https:\/\/waitxsee.com\/","name":"Wait x See","description":"","publisher":{"@id":"https:\/\/waitxsee.com\/#organization"},"potentialAction":[{"@type":"SearchAction","target":{"@type":"EntryPoint","urlTemplate":"https:\/\/waitxsee.com\/?s={search_term_string}"},"query-input":"required name=search_term_string"}],"inLanguage":"en-GB"},{"@type":"Organization","@id":"https:\/\/waitxsee.com\/#organization","name":"Wait x See","url":"https:\/\/waitxsee.com\/","logo":{"@type":"ImageObject","inLanguage":"en-GB","@id":"https:\/\/waitxsee.com\/#\/schema\/logo\/image\/","url":"https:\/\/waitxsee.com\/wp-content\/uploads\/2023\/04\/cropped-WaitXSeeLogo.png","contentUrl":"https:\/\/waitxsee.com\/wp-content\/uploads\/2023\/04\/cropped-WaitXSeeLogo.png","width":771,"height":383,"caption":"Wait x See"},"image":{"@id":"https:\/\/waitxsee.com\/#\/schema\/logo\/image\/"}}]}},"_links":{"self":[{"href":"https:\/\/waitxsee.com\/en\/wp-json\/wp\/v2\/pages\/271"}],"collection":[{"href":"https:\/\/waitxsee.com\/en\/wp-json\/wp\/v2\/pages"}],"about":[{"href":"https:\/\/waitxsee.com\/en\/wp-json\/wp\/v2\/types\/page"}],"author":[{"embeddable":true,"href":"https:\/\/waitxsee.com\/en\/wp-json\/wp\/v2\/users\/2"}],"replies":[{"embeddable":true,"href":"https:\/\/waitxsee.com\/en\/wp-json\/wp\/v2\/comments?post=271"}],"version-history":[{"count":41,"href":"https:\/\/waitxsee.com\/en\/wp-json\/wp\/v2\/pages\/271\/revisions"}],"predecessor-version":[{"id":869,"href":"https:\/\/waitxsee.com\/en\/wp-json\/wp\/v2\/pages\/271\/revisions\/869"}],"wp:attachment":[{"href":"https:\/\/waitxsee.com\/en\/wp-json\/wp\/v2\/media?parent=271"}],"curies":[{"name":"wp","href":"https:\/\/api.w.org\/{rel}","templated":true}]}}