{"id":299,"date":"2023-06-01T08:14:18","date_gmt":"2023-06-01T07:14:18","guid":{"rendered":"https:\/\/waitxsee.com\/?page_id=299"},"modified":"2023-09-01T20:06:26","modified_gmt":"2023-09-01T19:06:26","slug":"branding","status":"publish","type":"page","link":"https:\/\/waitxsee.com\/en\/branding\/","title":{"rendered":"BRANDING"},"content":{"rendered":"<h4>\u00ab <strong>WAIT x SEE<\/strong> S&rsquo;ENGAGE \u00c0 METTRE EN AVANT VOTRE CULTURE ET VOS VALEURS TOUT EN AUGMENTANT VOTRE PART DU MARCH\u00c9. \u00bb<\/h4>\n\t<p>Thanks to our expertise and our analysis, we will put our best profiles at your disposal, whether you are looking to launch a new brand, develop an existing one or expand into new markets.<\/p>\n<p>L&rsquo;identification de points de contact cl\u00e9s et de nuances strat\u00e9giques du march\u00e9 est essentielle \u00e0 votre succ\u00e8s. Notre r\u00e9seau constitu\u00e9 de cr\u00e9ateurs ind\u00e9pendants et de marques internationales comprend les principaux points de contact des march\u00e9s localis\u00e9s et internationaux.<\/p>\n<p>Notre ma\u00eetrise des marques micros et macros, nous permettra de cr\u00e9er pour vous une identit\u00e9 significative, des clients fid\u00e8les et une exposition m\u00e9diatique coh\u00e9rente. L&rsquo;expertise et les diff\u00e9rents points de vue de notre r\u00e9seau ont \u00e9t\u00e9 d\u00e9terminants pour explorer notre imagination, am\u00e9liorer nos perspectives et atteindre nos objectifs.<\/p>\n\t<h4><strong>OUR CLIENTS<\/strong><\/h4>\n\t<h5>Since the beginning of WAIT x SEE, a large number of customers have trusted us:<\/h5>\n\t\t\t\t\t\t\t\t\t<img decoding=\"async\" loading=\"lazy\" src=\"https:\/\/waitxsee.com\/wp-content\/uploads\/2023\/06\/Underline.png\" alt=\"Entrer en contact\" itemprop=\"image\" height=\"82\" width=\"384\" srcset=\"https:\/\/waitxsee.com\/wp-content\/uploads\/2023\/06\/Underline.png 384w, https:\/\/waitxsee.com\/wp-content\/uploads\/2023\/06\/Underline-300x64.png 300w, https:\/\/waitxsee.com\/wp-content\/uploads\/2023\/06\/Underline-18x4.png 18w\" sizes=\"(max-width: 384px) 100vw, 384px\" title=\"Underline\" onerror=\"this.style.display='none'\"  \/>\n\t\t\t\t\t\t\t\t\t\t\tGet in touch\n<form action=\"\">\n\t<input type=\"hidden\" name=\"fl-layout-id\" value=\"299\" \/>\n\t\t\t\tContact us with this form!\n<br \/> Pour toutes questions, collaborations, projets&#8230;\n\n    \t\t<label for=\"pp-name-\">Your name \/ BRAND<\/label>\n    \t\tVeuillez saisir votre nom.\n    \t\t<input type=\"text\" name=\"pp-name\" id=\"pp-name-\" value=\"\"  \/>\n    \t\t<label for=\"pp-email-\">Your e-mail<\/label>\n    \t\tVeuillez saisir une adresse email valide.\n    \t\t<input type=\"email\" name=\"pp-email\" id=\"pp-email-\" value=\"\"  \/>\n    \t\t<label for=\"pp-message-\">Write a few words about your business<\/label>\n    \t\tPlease type your message.\n    \t\t<textarea name=\"pp-message\" id=\"pp-message-\"><\/textarea>\n    \t<a href=\"#\" target=\"_self\" role=\"button\" rel=\"noopener\">\n    \t\t    \t\t    \t\tSend\n    \t\t    \t\t    \t<\/a>\n\t\t\tMessage envoy\u00e9\u00a0!\n\t\t\tMessage \u00e9chou\u00e9. Veuillez essayer de nouveau.\n<input type=\"hidden\" name=\"trp-form-language\" value=\"en\"\/><\/form>\n\t<h5>2017 Copyright \u00ae<\/h5>\n\t<h5>contact@waitxsee.com<\/h5>","protected":false},"excerpt":{"rendered":"<p>\u00ab WAIT x SEE S&rsquo;ENGAGE \u00c0 METTRE EN AVANT VOTRE CULTURE ET VOS VALEURS TOUT EN AUGMENTANT VOTRE PART DU MARCH\u00c9. \u00bb Gr\u00e2ce \u00e0 notre expertise et notre analyse, nous mettrons \u00e0 votre disposition nos meilleurs profils, que vous cherchiez \u00e0 lancer une nouvelle marque, \u00e0 en d\u00e9velopper une existante ou \u00e0 vous d\u00e9velopper sur &hellip;<\/p>\n<p class=\"read-more\"> <a class=\"\" href=\"https:\/\/waitxsee.com\/en\/branding\/\"> <span class=\"screen-reader-text\">BRANDING<\/span> Read More &raquo;<\/a><\/p>","protected":false},"author":2,"featured_media":0,"parent":0,"menu_order":0,"comment_status":"closed","ping_status":"closed","template":"","meta":{"site-sidebar-layout":"default","site-content-layout":"default","ast-global-header-display":"","ast-main-header-display":"","ast-hfb-above-header-display":"","ast-hfb-below-header-display":"","ast-hfb-mobile-header-display":"","site-post-title":"disabled","ast-breadcrumbs-content":"","ast-featured-img":"","footer-sml-layout":"","theme-transparent-header-meta":"","adv-header-id-meta":"","stick-header-meta":"","header-above-stick-meta":"","header-main-stick-meta":"","header-below-stick-meta":"","footnotes":""},"yoast_head":"<!-- This site is optimized with the Yoast SEO plugin v21.1 - https:\/\/yoast.com\/wordpress\/plugins\/seo\/ -->\n<title>BRANDING - Wait x See<\/title>\n<meta name=\"robots\" content=\"index, follow, max-snippet:-1, max-image-preview:large, max-video-preview:-1\" \/>\n<link rel=\"canonical\" href=\"https:\/\/waitxsee.com\/en\/branding\/\" \/>\n<meta property=\"og:locale\" content=\"en_GB\" \/>\n<meta property=\"og:type\" content=\"article\" \/>\n<meta property=\"og:title\" content=\"BRANDING - Wait x See\" \/>\n<meta property=\"og:description\" content=\"\u00ab WAIT x SEE S&rsquo;ENGAGE \u00c0 METTRE EN AVANT VOTRE CULTURE ET VOS VALEURS TOUT EN AUGMENTANT VOTRE PART DU MARCH\u00c9. \u00bb Gr\u00e2ce \u00e0 notre expertise et notre analyse, nous mettrons \u00e0 votre disposition nos meilleurs profils, que vous cherchiez \u00e0 lancer une nouvelle marque, \u00e0 en d\u00e9velopper une existante ou \u00e0 vous d\u00e9velopper sur &hellip; BRANDING Read More &raquo;\" \/>\n<meta property=\"og:url\" content=\"https:\/\/waitxsee.com\/en\/branding\/\" \/>\n<meta property=\"og:site_name\" content=\"Wait x See\" \/>\n<meta property=\"article:modified_time\" content=\"2023-09-01T19:06:26+00:00\" \/>\n<meta property=\"og:image\" content=\"https:\/\/waitxsee.com\/wp-content\/uploads\/2023\/06\/Underline.png\" \/>\n<meta name=\"twitter:label1\" content=\"Estimated reading time\" \/>\n\t<meta name=\"twitter:data1\" content=\"2 minutes\" \/>\n<script type=\"application\/ld+json\" class=\"yoast-schema-graph\">{\"@context\":\"https:\/\/schema.org\",\"@graph\":[{\"@type\":\"WebPage\",\"@id\":\"https:\/\/waitxsee.com\/branding\/\",\"url\":\"https:\/\/waitxsee.com\/branding\/\",\"name\":\"BRANDING - Wait x See\",\"isPartOf\":{\"@id\":\"https:\/\/waitxsee.com\/#website\"},\"datePublished\":\"2023-06-01T07:14:18+00:00\",\"dateModified\":\"2023-09-01T19:06:26+00:00\",\"inLanguage\":\"en-GB\",\"potentialAction\":[{\"@type\":\"ReadAction\",\"target\":[\"https:\/\/waitxsee.com\/branding\/\"]}]},{\"@type\":\"WebSite\",\"@id\":\"https:\/\/waitxsee.com\/#website\",\"url\":\"https:\/\/waitxsee.com\/\",\"name\":\"Wait x See\",\"description\":\"\",\"publisher\":{\"@id\":\"https:\/\/waitxsee.com\/#organization\"},\"potentialAction\":[{\"@type\":\"SearchAction\",\"target\":{\"@type\":\"EntryPoint\",\"urlTemplate\":\"https:\/\/waitxsee.com\/?s={search_term_string}\"},\"query-input\":\"required name=search_term_string\"}],\"inLanguage\":\"en-GB\"},{\"@type\":\"Organization\",\"@id\":\"https:\/\/waitxsee.com\/#organization\",\"name\":\"Wait x See\",\"url\":\"https:\/\/waitxsee.com\/\",\"logo\":{\"@type\":\"ImageObject\",\"inLanguage\":\"en-GB\",\"@id\":\"https:\/\/waitxsee.com\/#\/schema\/logo\/image\/\",\"url\":\"https:\/\/waitxsee.com\/wp-content\/uploads\/2023\/04\/cropped-WaitXSeeLogo.png\",\"contentUrl\":\"https:\/\/waitxsee.com\/wp-content\/uploads\/2023\/04\/cropped-WaitXSeeLogo.png\",\"width\":771,\"height\":383,\"caption\":\"Wait x See\"},\"image\":{\"@id\":\"https:\/\/waitxsee.com\/#\/schema\/logo\/image\/\"}}]}<\/script>\n<!-- \/ Yoast SEO plugin. -->","yoast_head_json":{"title":"BRANDING - Wait x See","robots":{"index":"index","follow":"follow","max-snippet":"max-snippet:-1","max-image-preview":"max-image-preview:large","max-video-preview":"max-video-preview:-1"},"canonical":"https:\/\/waitxsee.com\/en\/branding\/","og_locale":"en_GB","og_type":"article","og_title":"BRANDING - Wait x See","og_description":"\u00ab WAIT x SEE S&rsquo;ENGAGE \u00c0 METTRE EN AVANT VOTRE CULTURE ET VOS VALEURS TOUT EN AUGMENTANT VOTRE PART DU MARCH\u00c9. \u00bb Gr\u00e2ce \u00e0 notre expertise et notre analyse, nous mettrons \u00e0 votre disposition nos meilleurs profils, que vous cherchiez \u00e0 lancer une nouvelle marque, \u00e0 en d\u00e9velopper une existante ou \u00e0 vous d\u00e9velopper sur &hellip; BRANDING Read More &raquo;","og_url":"https:\/\/waitxsee.com\/en\/branding\/","og_site_name":"Wait x See","article_modified_time":"2023-09-01T19:06:26+00:00","og_image":[{"url":"https:\/\/waitxsee.com\/wp-content\/uploads\/2023\/06\/Underline.png"}],"twitter_misc":{"Estimated reading time":"2 minutes"},"schema":{"@context":"https:\/\/schema.org","@graph":[{"@type":"WebPage","@id":"https:\/\/waitxsee.com\/branding\/","url":"https:\/\/waitxsee.com\/branding\/","name":"BRANDING - Wait x See","isPartOf":{"@id":"https:\/\/waitxsee.com\/#website"},"datePublished":"2023-06-01T07:14:18+00:00","dateModified":"2023-09-01T19:06:26+00:00","inLanguage":"en-GB","potentialAction":[{"@type":"ReadAction","target":["https:\/\/waitxsee.com\/branding\/"]}]},{"@type":"WebSite","@id":"https:\/\/waitxsee.com\/#website","url":"https:\/\/waitxsee.com\/","name":"Wait x See","description":"","publisher":{"@id":"https:\/\/waitxsee.com\/#organization"},"potentialAction":[{"@type":"SearchAction","target":{"@type":"EntryPoint","urlTemplate":"https:\/\/waitxsee.com\/?s={search_term_string}"},"query-input":"required name=search_term_string"}],"inLanguage":"en-GB"},{"@type":"Organization","@id":"https:\/\/waitxsee.com\/#organization","name":"Wait x See","url":"https:\/\/waitxsee.com\/","logo":{"@type":"ImageObject","inLanguage":"en-GB","@id":"https:\/\/waitxsee.com\/#\/schema\/logo\/image\/","url":"https:\/\/waitxsee.com\/wp-content\/uploads\/2023\/04\/cropped-WaitXSeeLogo.png","contentUrl":"https:\/\/waitxsee.com\/wp-content\/uploads\/2023\/04\/cropped-WaitXSeeLogo.png","width":771,"height":383,"caption":"Wait x See"},"image":{"@id":"https:\/\/waitxsee.com\/#\/schema\/logo\/image\/"}}]}},"_links":{"self":[{"href":"https:\/\/waitxsee.com\/en\/wp-json\/wp\/v2\/pages\/299"}],"collection":[{"href":"https:\/\/waitxsee.com\/en\/wp-json\/wp\/v2\/pages"}],"about":[{"href":"https:\/\/waitxsee.com\/en\/wp-json\/wp\/v2\/types\/page"}],"author":[{"embeddable":true,"href":"https:\/\/waitxsee.com\/en\/wp-json\/wp\/v2\/users\/2"}],"replies":[{"embeddable":true,"href":"https:\/\/waitxsee.com\/en\/wp-json\/wp\/v2\/comments?post=299"}],"version-history":[{"count":59,"href":"https:\/\/waitxsee.com\/en\/wp-json\/wp\/v2\/pages\/299\/revisions"}],"predecessor-version":[{"id":876,"href":"https:\/\/waitxsee.com\/en\/wp-json\/wp\/v2\/pages\/299\/revisions\/876"}],"wp:attachment":[{"href":"https:\/\/waitxsee.com\/en\/wp-json\/wp\/v2\/media?parent=299"}],"curies":[{"name":"wp","href":"https:\/\/api.w.org\/{rel}","templated":true}]}}