{"id":515,"date":"2023-07-06T20:04:55","date_gmt":"2023-07-06T19:04:55","guid":{"rendered":"https:\/\/waitxsee.com\/?page_id=515"},"modified":"2023-09-01T16:48:45","modified_gmt":"2023-09-01T15:48:45","slug":"about-us","status":"publish","type":"page","link":"https:\/\/waitxsee.com\/en\/about-us\/","title":{"rendered":"ABOUT US"},"content":{"rendered":"<img decoding=\"async\" loading=\"lazy\" src=\"https:\/\/waitxsee.com\/wp-content\/uploads\/2023\/07\/IMG-2431.gif\" alt=\"IMG-2431\" itemprop=\"image\" height=\"332\" width=\"496\" title=\"IMG-2431\" onerror=\"this.style.display='none'\"  \/>\n\t<p><strong>WAIT x SEE<\/strong> est une agence de marketing et de management sp\u00e9cialis\u00e9e dans l&rsquo;influence.<\/p>\n<p>Nous accompagnons nos talents et nos clients dans le d\u00e9veloppement de leurs strat\u00e9gies digitales et plans d&rsquo;actions \u00e0 travers une communication \u00e0 360 degr\u00e9s.<\/p>\n<p>Nous intervenons dans la r\u00e9alisation de leurs campagnes publicitaires, du design de leurs produits et dans l&rsquo;organisation de leurs plus grands \u00e9v\u00e9nements.<\/p>\n\t\t\t\t\t\t\t\t\t<img decoding=\"async\" loading=\"lazy\" src=\"https:\/\/waitxsee.com\/wp-content\/uploads\/2023\/06\/Underline.png\" alt=\"Entrer en contact\" itemprop=\"image\" height=\"82\" width=\"384\" srcset=\"https:\/\/waitxsee.com\/wp-content\/uploads\/2023\/06\/Underline.png 384w, https:\/\/waitxsee.com\/wp-content\/uploads\/2023\/06\/Underline-300x64.png 300w, https:\/\/waitxsee.com\/wp-content\/uploads\/2023\/06\/Underline-18x4.png 18w\" sizes=\"(max-width: 384px) 100vw, 384px\" title=\"Underline\" onerror=\"this.style.display='none'\"  \/>\n\t\t\t\t\t\t\t\t\t\t\tGet in touch\n<form action=\"\">\n\t<input type=\"hidden\" name=\"fl-layout-id\" value=\"515\" \/>\n\t\t\t\tContact us with this form!\n<br \/> Pour toutes questions, collaborations, projets&#8230;\n\n    \t\t<label for=\"pp-name-\">Your name \/ BRAND<\/label>\n    \t\tVeuillez saisir votre nom.\n    \t\t<input type=\"text\" name=\"pp-name\" id=\"pp-name-\" value=\"\"  \/>\n    \t\t<label for=\"pp-email-\">Your e-mail<\/label>\n    \t\tVeuillez saisir une adresse email valide.\n    \t\t<input type=\"email\" name=\"pp-email\" id=\"pp-email-\" value=\"\"  \/>\n    \t\t<label for=\"pp-message-\">Write a few words about your business<\/label>\n    \t\tPlease type your message.\n    \t\t<textarea name=\"pp-message\" id=\"pp-message-\"><\/textarea>\n    \t<a href=\"#\" target=\"_self\" role=\"button\" rel=\"noopener\">\n    \t\t    \t\t    \t\tSend\n    \t\t    \t\t    \t<\/a>\n\t\t\tMessage envoy\u00e9\u00a0!\n\t\t\tMessage \u00e9chou\u00e9. Veuillez essayer de nouveau.\n<input type=\"hidden\" name=\"trp-form-language\" value=\"en\"\/><\/form>\n\t<h5>2017 Copyright \u00ae<\/h5>\n\t<h5>contact@waitxsee.com<\/h5>","protected":false},"excerpt":{"rendered":"<p>WAIT x SEE est une agence de marketing et de management sp\u00e9cialis\u00e9e dans l&rsquo;influence. Nous accompagnons nos talents et nos clients dans le d\u00e9veloppement de leurs strat\u00e9gies digitales et plans d&rsquo;actions \u00e0 travers une communication \u00e0 360 degr\u00e9s. Nous intervenons dans la r\u00e9alisation de leurs campagnes publicitaires, du design de leurs produits et dans l&rsquo;organisation &hellip;<\/p>\n<p class=\"read-more\"> <a class=\"\" href=\"https:\/\/waitxsee.com\/en\/about-us\/\"> <span class=\"screen-reader-text\">ABOUT US<\/span> Read More &raquo;<\/a><\/p>","protected":false},"author":2,"featured_media":0,"parent":0,"menu_order":0,"comment_status":"closed","ping_status":"closed","template":"","meta":{"site-sidebar-layout":"default","site-content-layout":"default","ast-global-header-display":"","ast-main-header-display":"","ast-hfb-above-header-display":"","ast-hfb-below-header-display":"","ast-hfb-mobile-header-display":"","site-post-title":"disabled","ast-breadcrumbs-content":"","ast-featured-img":"","footer-sml-layout":"","theme-transparent-header-meta":"","adv-header-id-meta":"","stick-header-meta":"","header-above-stick-meta":"","header-main-stick-meta":"","header-below-stick-meta":"","footnotes":""},"yoast_head":"<!-- This site is optimized with the Yoast SEO plugin v21.1 - https:\/\/yoast.com\/wordpress\/plugins\/seo\/ -->\n<title>ABOUT US - Wait x See<\/title>\n<meta name=\"robots\" content=\"index, follow, max-snippet:-1, max-image-preview:large, max-video-preview:-1\" \/>\n<link rel=\"canonical\" href=\"https:\/\/waitxsee.com\/en\/about-us\/\" \/>\n<meta property=\"og:locale\" content=\"en_GB\" \/>\n<meta property=\"og:type\" content=\"article\" \/>\n<meta property=\"og:title\" content=\"ABOUT US - Wait x See\" \/>\n<meta property=\"og:description\" content=\"WAIT x SEE est une agence de marketing et de management sp\u00e9cialis\u00e9e dans l&rsquo;influence. Nous accompagnons nos talents et nos clients dans le d\u00e9veloppement de leurs strat\u00e9gies digitales et plans d&rsquo;actions \u00e0 travers une communication \u00e0 360 degr\u00e9s. Nous intervenons dans la r\u00e9alisation de leurs campagnes publicitaires, du design de leurs produits et dans l&rsquo;organisation &hellip; ABOUT US Read More &raquo;\" \/>\n<meta property=\"og:url\" content=\"https:\/\/waitxsee.com\/en\/about-us\/\" \/>\n<meta property=\"og:site_name\" content=\"Wait x See\" \/>\n<meta property=\"article:modified_time\" content=\"2023-09-01T15:48:45+00:00\" \/>\n<meta property=\"og:image\" content=\"https:\/\/waitxsee.com\/wp-content\/uploads\/2023\/07\/IMG-2431.gif\" \/>\n<meta name=\"twitter:label1\" content=\"Estimated reading time\" \/>\n\t<meta name=\"twitter:data1\" content=\"1 minute\" \/>\n<script type=\"application\/ld+json\" class=\"yoast-schema-graph\">{\"@context\":\"https:\/\/schema.org\",\"@graph\":[{\"@type\":\"WebPage\",\"@id\":\"https:\/\/waitxsee.com\/about-us\/\",\"url\":\"https:\/\/waitxsee.com\/about-us\/\",\"name\":\"ABOUT US - Wait x See\",\"isPartOf\":{\"@id\":\"https:\/\/waitxsee.com\/#website\"},\"datePublished\":\"2023-07-06T19:04:55+00:00\",\"dateModified\":\"2023-09-01T15:48:45+00:00\",\"inLanguage\":\"en-GB\",\"potentialAction\":[{\"@type\":\"ReadAction\",\"target\":[\"https:\/\/waitxsee.com\/about-us\/\"]}]},{\"@type\":\"WebSite\",\"@id\":\"https:\/\/waitxsee.com\/#website\",\"url\":\"https:\/\/waitxsee.com\/\",\"name\":\"Wait x See\",\"description\":\"\",\"publisher\":{\"@id\":\"https:\/\/waitxsee.com\/#organization\"},\"potentialAction\":[{\"@type\":\"SearchAction\",\"target\":{\"@type\":\"EntryPoint\",\"urlTemplate\":\"https:\/\/waitxsee.com\/?s={search_term_string}\"},\"query-input\":\"required name=search_term_string\"}],\"inLanguage\":\"en-GB\"},{\"@type\":\"Organization\",\"@id\":\"https:\/\/waitxsee.com\/#organization\",\"name\":\"Wait x See\",\"url\":\"https:\/\/waitxsee.com\/\",\"logo\":{\"@type\":\"ImageObject\",\"inLanguage\":\"en-GB\",\"@id\":\"https:\/\/waitxsee.com\/#\/schema\/logo\/image\/\",\"url\":\"https:\/\/waitxsee.com\/wp-content\/uploads\/2023\/04\/cropped-WaitXSeeLogo.png\",\"contentUrl\":\"https:\/\/waitxsee.com\/wp-content\/uploads\/2023\/04\/cropped-WaitXSeeLogo.png\",\"width\":771,\"height\":383,\"caption\":\"Wait x See\"},\"image\":{\"@id\":\"https:\/\/waitxsee.com\/#\/schema\/logo\/image\/\"}}]}<\/script>\n<!-- \/ Yoast SEO plugin. -->","yoast_head_json":{"title":"ABOUT US - Wait x See","robots":{"index":"index","follow":"follow","max-snippet":"max-snippet:-1","max-image-preview":"max-image-preview:large","max-video-preview":"max-video-preview:-1"},"canonical":"https:\/\/waitxsee.com\/en\/about-us\/","og_locale":"en_GB","og_type":"article","og_title":"ABOUT US - Wait x See","og_description":"WAIT x SEE est une agence de marketing et de management sp\u00e9cialis\u00e9e dans l&rsquo;influence. Nous accompagnons nos talents et nos clients dans le d\u00e9veloppement de leurs strat\u00e9gies digitales et plans d&rsquo;actions \u00e0 travers une communication \u00e0 360 degr\u00e9s. Nous intervenons dans la r\u00e9alisation de leurs campagnes publicitaires, du design de leurs produits et dans l&rsquo;organisation &hellip; ABOUT US Read More &raquo;","og_url":"https:\/\/waitxsee.com\/en\/about-us\/","og_site_name":"Wait x See","article_modified_time":"2023-09-01T15:48:45+00:00","og_image":[{"url":"https:\/\/waitxsee.com\/wp-content\/uploads\/2023\/07\/IMG-2431.gif"}],"twitter_misc":{"Estimated reading time":"1 minute"},"schema":{"@context":"https:\/\/schema.org","@graph":[{"@type":"WebPage","@id":"https:\/\/waitxsee.com\/about-us\/","url":"https:\/\/waitxsee.com\/about-us\/","name":"ABOUT US - Wait x See","isPartOf":{"@id":"https:\/\/waitxsee.com\/#website"},"datePublished":"2023-07-06T19:04:55+00:00","dateModified":"2023-09-01T15:48:45+00:00","inLanguage":"en-GB","potentialAction":[{"@type":"ReadAction","target":["https:\/\/waitxsee.com\/about-us\/"]}]},{"@type":"WebSite","@id":"https:\/\/waitxsee.com\/#website","url":"https:\/\/waitxsee.com\/","name":"Wait x See","description":"","publisher":{"@id":"https:\/\/waitxsee.com\/#organization"},"potentialAction":[{"@type":"SearchAction","target":{"@type":"EntryPoint","urlTemplate":"https:\/\/waitxsee.com\/?s={search_term_string}"},"query-input":"required name=search_term_string"}],"inLanguage":"en-GB"},{"@type":"Organization","@id":"https:\/\/waitxsee.com\/#organization","name":"Wait x See","url":"https:\/\/waitxsee.com\/","logo":{"@type":"ImageObject","inLanguage":"en-GB","@id":"https:\/\/waitxsee.com\/#\/schema\/logo\/image\/","url":"https:\/\/waitxsee.com\/wp-content\/uploads\/2023\/04\/cropped-WaitXSeeLogo.png","contentUrl":"https:\/\/waitxsee.com\/wp-content\/uploads\/2023\/04\/cropped-WaitXSeeLogo.png","width":771,"height":383,"caption":"Wait x See"},"image":{"@id":"https:\/\/waitxsee.com\/#\/schema\/logo\/image\/"}}]}},"_links":{"self":[{"href":"https:\/\/waitxsee.com\/en\/wp-json\/wp\/v2\/pages\/515"}],"collection":[{"href":"https:\/\/waitxsee.com\/en\/wp-json\/wp\/v2\/pages"}],"about":[{"href":"https:\/\/waitxsee.com\/en\/wp-json\/wp\/v2\/types\/page"}],"author":[{"embeddable":true,"href":"https:\/\/waitxsee.com\/en\/wp-json\/wp\/v2\/users\/2"}],"replies":[{"embeddable":true,"href":"https:\/\/waitxsee.com\/en\/wp-json\/wp\/v2\/comments?post=515"}],"version-history":[{"count":20,"href":"https:\/\/waitxsee.com\/en\/wp-json\/wp\/v2\/pages\/515\/revisions"}],"predecessor-version":[{"id":871,"href":"https:\/\/waitxsee.com\/en\/wp-json\/wp\/v2\/pages\/515\/revisions\/871"}],"wp:attachment":[{"href":"https:\/\/waitxsee.com\/en\/wp-json\/wp\/v2\/media?parent=515"}],"curies":[{"name":"wp","href":"https:\/\/api.w.org\/{rel}","templated":true}]}}